{"id":2435,"date":"2026-03-08T16:22:09","date_gmt":"2026-03-08T16:22:09","guid":{"rendered":"https:\/\/www.bestgrade.org\/?page_id=2435"},"modified":"2026-04-19T17:05:24","modified_gmt":"2026-04-19T17:05:24","slug":"senegal-new","status":"publish","type":"page","link":"https:\/\/www.bestgrade.org\/?page_id=2435","title":{"rendered":"Senegal New"},"content":{"rendered":"<h2>T\u00e9l\u00e9charger<\/h2>\n<p><img loading=\"lazy\" decoding=\"async\" class=\"alignleft wp-image-262\" src=\"https:\/\/bestgrade.org\/wp-content\/uploads\/2026\/03\/Download_icon-300x300.png\" alt=\"OLYMPUS DIGITAL CAMERA\" width=\"100\" height=\"150\" \/>Le logiciel Best Grade est mis gratuitement \u00e0 la disposition de toutes les \u00e9coles d\u2019Afrique subsaharienne. Best Grade est actuellement une application bas\u00e9e sur Excel et n\u00e9cessite Microsoft Office..<br \/>\n<strong><b><\/b><b><a href=\"https:\/\/www.bestgrade.org\/?page_id=293\">T\u00e9l\u00e9charger<\/a><\/b><\/strong><\/p>\n<hr \/>\n<h2>Best Grade SMS S\u00e9n\u00e9gal<\/h2>\n<p><img loading=\"lazy\" decoding=\"async\" class=\"alignleft wp-image-262\" src=\"https:\/\/bestgrade.org\/wp-content\/uploads\/2026\/02\/xxsms.png\" alt=\"OLYMPUS DIGITAL CAMERA\" width=\"100\" height=\"150\" \/><\/p>\n<p data-start=\"144\" data-end=\"382\">Envoyez instantan\u00e9ment les bulletins scolaires, les r\u00e9sultats et les annonces importantes aux parents par SMS. R\u00e9duisez les co\u00fbts d\u2019impression, diminuez la charge administrative et renforcez la communication entre l\u2019\u00e9cole et les familles.Gr\u00e2ce \u00e0 l\u2019envoi de SMS en masse, \u00e0 l\u2019importation facile des contacts via Excel et aux rapports de livraison en temps r\u00e9el, <strong data-start=\"507\" data-end=\"525\">Best Grade SMS<\/strong> permet \u00e0 votre \u00e9tablissement de partager l\u2019information rapidement, de mani\u00e8re fiable et professionnelle, avec toute la communaut\u00e9 scolaire.<\/p>\n<p data-start=\"144\" data-end=\"382\"><strong><a href=\"https:\/\/sendtext.sn\/#signup\">\u00a0Commencez maintenant!<\/a>\u00a0 \u00a0 \u00a0<\/strong><strong><b><\/b>Code promotionnel: <span style=\"color: #f30b2b;\"><b>BG_C0_2026<\/b><\/span><\/strong><strong><span style=\"color: #f30b2b;\"><b>\u00a0 \u00a0 \u00a0 \u00a0 \u00a0<\/b><\/span><\/strong><\/p>\n<p data-start=\"144\" data-end=\"382\"><strong>\u00a0 \u00a0 \u00a0 \u00a0 \u00a0 \u00a0 \u00a0 \u00a0 \u00a0 \u00a0 \u00a0 \u00a0 \u00a0 \u00a0 \u00a0 \u00a0 \u00a0 \u00a0 \u00a0 \u00a0 \u00a0 \u00a0 \u00a0 \u00a0 \u00a0 Profitez d\u2019une r\u00e9duction de<span style=\"color: #f30b2b;\"><b>\u00a020%<\/b><\/span><\/strong><strong><span style=\"color: #f30b2b;\"><b>\u00a0 \u00a0 \u00a0\u00a0<\/b><\/span><\/strong><\/p>\n<hr \/>\n<h2>Rejoignez la communaut\u00e9 WhatsApp du S\u00e9n\u00e9gal<\/h2>\n<div>\n<p><img loading=\"lazy\" decoding=\"async\" class=\"alignleft wp-image-262\" src=\"https:\/\/bestgrade.org\/wp-content\/uploads\/2026\/03\/whatsapp-logo-4450_1024.png\" alt=\"OLYMPUS DIGITAL CAMERA\" width=\"100\" height=\"150\" \/><\/p>\n<p>Les utilisateurs de Best Grade y partagent leurs exp\u00e9riences, r\u00e9pondent \u00e0 vos questions et vous apportent un soutien pour mieux utiliser la plateforme.<a href=\"https:\/\/chat.whatsapp.com\/C0MKK9weFGO3yAQ8R0te6y\">Groupe WhatsApp du S\u00e9n\u00e9gal<\/a><\/p>\n<p>Si vous souhaitez b\u00e9n\u00e9ficier d\u2019une formation gratuite ou d\u2019une assistance technique, par t\u00e9l\u00e9phone ou via Google Meet, Zoom ou MS Teams, n\u2019h\u00e9sitez pas \u00e0 nous contacter \u00e0 l\u2019adresse suivante : contact@bestgrade.org<\/p>\n<p>&nbsp;<\/p>\n<\/div>\n<hr \/>\n<h2>Tutorials<\/h2>\n<div><img loading=\"lazy\" decoding=\"async\" class=\"alignleft wp-image-262\" src=\"https:\/\/bestgrade.org\/wp-content\/uploads\/2026\/03\/Icon_tutorial.png\" alt=\"OLYMPUS DIGITAL CAMERA\" width=\"100\" height=\"150\" \/><\/div>\n<div id=\"Tutorials\">\n<div><a href=\"https:\/\/www.youtube.com\/watch?v=y70lthNmzB4&amp;t=1s\" target=\"_blank\" rel=\"noopener\" data-saferedirecturl=\"https:\/\/www.google.com\/url?q=https:\/\/www.youtube.com\/watch?v%3Dy70lthNmzB4%26t%3D1s&amp;source=gmail&amp;ust=1771866039662000&amp;usg=AOvVaw2HwJHaUyv233exVAnSiQ0b\">https:\/\/www.youtube.com\/<wbr \/>watch?v=y70lthNmzB4&amp;t=1s<\/a><\/div>\n<div><\/div>\n<div>\u00a0<a href=\"https:\/\/www.youtube.com\/watch?v=EaeU6NWDEgM&amp;t=28s\" target=\"_blank\" rel=\"noopener\" data-saferedirecturl=\"https:\/\/www.google.com\/url?q=https:\/\/www.youtube.com\/watch?v%3DEaeU6NWDEgM%26t%3D28s&amp;source=gmail&amp;ust=1771866039662000&amp;usg=AOvVaw1vNQ4UUR6dkU7zyS8jEmaq\">https:\/\/www.youtube.com\/<wbr \/>watch?v=EaeU6NWDEgM&amp;t=28s<\/a><\/div>\n<div><\/div>\n<div><a href=\"https:\/\/www.youtube.com\/watch?v=Svmt5K52yTM\" target=\"_blank\" rel=\"noopener\" data-saferedirecturl=\"https:\/\/www.google.com\/url?q=https:\/\/www.youtube.com\/watch?v%3DSvmt5K52yTM&amp;source=gmail&amp;ust=1771866039662000&amp;usg=AOvVaw3aaCsU6sjiGm3TJ8ahouDq\">https:\/\/www.youtube.com\/<wbr \/>watch?v=Svmt5K52yTM<\/a><\/div>\n<\/div>\n<p><strong><a href=\"https:\/\/www.bestgrade.org\/?page_id=694\"><span style=\"color: #f30b2b;\"><b>More tutorials<\/b><\/span><\/a><\/strong><\/p>\n","protected":false},"excerpt":{"rendered":"<p>T\u00e9l\u00e9charger Le logiciel Best Grade est mis gratuitement \u00e0 la disposition de toutes les \u00e9coles d\u2019Afrique subsaharienne. Best Grade est actuellement une application bas\u00e9e sur Excel et n\u00e9cessite Microsoft Office.. T\u00e9l\u00e9charger Best Grade SMS S\u00e9n\u00e9gal Envoyez instantan\u00e9ment les bulletins scolaires, les r\u00e9sultats et les annonces importantes aux parents par SMS. R\u00e9duisez les co\u00fbts d\u2019impression, diminuez [&hellip;]<\/p>\n","protected":false},"author":4,"featured_media":0,"parent":0,"menu_order":0,"comment_status":"closed","ping_status":"closed","template":"","meta":{"footnotes":""},"class_list":["post-2435","page","type-page","status-publish","hentry"],"_links":{"self":[{"href":"https:\/\/www.bestgrade.org\/index.php?rest_route=\/wp\/v2\/pages\/2435","targetHints":{"allow":["GET"]}}],"collection":[{"href":"https:\/\/www.bestgrade.org\/index.php?rest_route=\/wp\/v2\/pages"}],"about":[{"href":"https:\/\/www.bestgrade.org\/index.php?rest_route=\/wp\/v2\/types\/page"}],"author":[{"embeddable":true,"href":"https:\/\/www.bestgrade.org\/index.php?rest_route=\/wp\/v2\/users\/4"}],"replies":[{"embeddable":true,"href":"https:\/\/www.bestgrade.org\/index.php?rest_route=%2Fwp%2Fv2%2Fcomments&post=2435"}],"version-history":[{"count":17,"href":"https:\/\/www.bestgrade.org\/index.php?rest_route=\/wp\/v2\/pages\/2435\/revisions"}],"predecessor-version":[{"id":2505,"href":"https:\/\/www.bestgrade.org\/index.php?rest_route=\/wp\/v2\/pages\/2435\/revisions\/2505"}],"wp:attachment":[{"href":"https:\/\/www.bestgrade.org\/index.php?rest_route=%2Fwp%2Fv2%2Fmedia&parent=2435"}],"curies":[{"name":"wp","href":"https:\/\/api.w.org\/{rel}","templated":true}]}}